{"id":284,"date":"2020-08-23T17:53:33","date_gmt":"2020-08-23T17:53:33","guid":{"rendered":"https:\/\/rwgmetal.de\/?page_id=284"},"modified":"2020-08-23T18:41:53","modified_gmt":"2020-08-23T18:41:53","slug":"produkt-kategorien","status":"publish","type":"page","link":"https:\/\/rwg-posfactory.com\/de_de\/produkt-kategorien\/","title":{"rendered":"Produkt-Kategorien"},"content":{"rendered":"\t\t<div data-elementor-type=\"wp-page\" data-elementor-id=\"284\" class=\"elementor elementor-284\">\n\t\t\t\t\t\t\t\t\t<section class=\"elementor-section elementor-top-section elementor-element elementor-element-0aa33b1 elementor-section-boxed elementor-section-height-default elementor-section-height-default\" data-id=\"0aa33b1\" data-element_type=\"section\">\n\t\t\t\t\t\t<div class=\"elementor-container elementor-column-gap-default\">\n\t\t\t\t\t<div class=\"elementor-column elementor-col-50 elementor-top-column elementor-element elementor-element-2c8dbf1\" data-id=\"2c8dbf1\" data-element_type=\"column\">\n\t\t\t<div class=\"elementor-widget-wrap elementor-element-populated\">\n\t\t\t\t\t\t\t\t<div class=\"elementor-element elementor-element-1689dbf elementor-widget elementor-widget-image\" data-id=\"1689dbf\" data-element_type=\"widget\" data-widget_type=\"image.default\">\n\t\t\t\t<div class=\"elementor-widget-container\">\n\t\t\t<style>\/*! elementor - v3.12.1 - 02-04-2023 *\/\n.elementor-widget-image{text-align:center}.elementor-widget-image a{display:inline-block}.elementor-widget-image a img[src$=\".svg\"]{width:48px}.elementor-widget-image img{vertical-align:middle;display:inline-block}<\/style>\t\t\t\t\t\t\t\t\t\t\t\t<img width=\"925\" height=\"925\" src=\"https:\/\/rwg-posfactory.com\/wp-content\/uploads\/2020\/08\/Hygiene-Tower-mit-Infotafel-1024x1024.jpg\" class=\"attachment-large size-large wp-image-60\" alt=\"Hygiene Station 01\" loading=\"lazy\" srcset=\"https:\/\/rwg-posfactory.com\/wp-content\/uploads\/2020\/08\/Hygiene-Tower-mit-Infotafel-1024x1024.jpg 1024w, https:\/\/rwg-posfactory.com\/wp-content\/uploads\/2020\/08\/Hygiene-Tower-mit-Infotafel-300x300.jpg 300w, https:\/\/rwg-posfactory.com\/wp-content\/uploads\/2020\/08\/Hygiene-Tower-mit-Infotafel-150x150.jpg 150w, https:\/\/rwg-posfactory.com\/wp-content\/uploads\/2020\/08\/Hygiene-Tower-mit-Infotafel-768x768.jpg 768w, https:\/\/rwg-posfactory.com\/wp-content\/uploads\/2020\/08\/Hygiene-Tower-mit-Infotafel-60x60.jpg 60w, https:\/\/rwg-posfactory.com\/wp-content\/uploads\/2020\/08\/Hygiene-Tower-mit-Infotafel-600x600.jpg 600w, https:\/\/rwg-posfactory.com\/wp-content\/uploads\/2020\/08\/Hygiene-Tower-mit-Infotafel.jpg 1200w\" sizes=\"(max-width: 925px) 100vw, 925px\" \/>\t\t\t\t\t\t\t\t\t\t\t\t\t\t\t<\/div>\n\t\t\t\t<\/div>\n\t\t\t\t<div class=\"elementor-element elementor-element-d214a88 elementor-widget elementor-widget-text-editor\" data-id=\"d214a88\" data-element_type=\"widget\" data-widget_type=\"text-editor.default\">\n\t\t\t\t<div class=\"elementor-widget-container\">\n\t\t\t<style>\/*! elementor - v3.12.1 - 02-04-2023 *\/\n.elementor-widget-text-editor.elementor-drop-cap-view-stacked .elementor-drop-cap{background-color:#69727d;color:#fff}.elementor-widget-text-editor.elementor-drop-cap-view-framed .elementor-drop-cap{color:#69727d;border:3px solid;background-color:transparent}.elementor-widget-text-editor:not(.elementor-drop-cap-view-default) .elementor-drop-cap{margin-top:8px}.elementor-widget-text-editor:not(.elementor-drop-cap-view-default) .elementor-drop-cap-letter{width:1em;height:1em}.elementor-widget-text-editor .elementor-drop-cap{float:left;text-align:center;line-height:1;font-size:50px}.elementor-widget-text-editor .elementor-drop-cap-letter{display:inline-block}<\/style>\t\t\t\t<h4 style=\"text-align: center;\"><a href=\"\/?product_cat=hygiene-station\/\"><span style=\"color: #333333;\">Hygiene Station<\/span><\/a><\/h4>\t\t\t\t\t\t<\/div>\n\t\t\t\t<\/div>\n\t\t\t\t\t<\/div>\n\t\t<\/div>\n\t\t\t\t<div class=\"elementor-column elementor-col-50 elementor-top-column elementor-element elementor-element-ac61d24\" data-id=\"ac61d24\" data-element_type=\"column\">\n\t\t\t<div class=\"elementor-widget-wrap elementor-element-populated\">\n\t\t\t\t\t\t\t\t<div class=\"elementor-element elementor-element-f120c45 elementor-widget elementor-widget-image\" data-id=\"f120c45\" data-element_type=\"widget\" data-widget_type=\"image.default\">\n\t\t\t\t<div class=\"elementor-widget-container\">\n\t\t\t\t\t\t\t\t\t\t\t\t\t\t\t\t<a href=\"\/?product_cat=desinfektionsstaender\/\">\n\t\t\t\t\t\t\t<img width=\"900\" height=\"900\" src=\"https:\/\/rwg-posfactory.com\/wp-content\/uploads\/2020\/08\/Desinfektionsspender_20.jpg\" class=\"attachment-large size-large wp-image-174\" alt=\"DeDesinfektionsst\u00e4nder\" loading=\"lazy\" srcset=\"https:\/\/rwg-posfactory.com\/wp-content\/uploads\/2020\/08\/Desinfektionsspender_20.jpg 900w, https:\/\/rwg-posfactory.com\/wp-content\/uploads\/2020\/08\/Desinfektionsspender_20-300x300.jpg 300w, https:\/\/rwg-posfactory.com\/wp-content\/uploads\/2020\/08\/Desinfektionsspender_20-150x150.jpg 150w, https:\/\/rwg-posfactory.com\/wp-content\/uploads\/2020\/08\/Desinfektionsspender_20-768x768.jpg 768w, https:\/\/rwg-posfactory.com\/wp-content\/uploads\/2020\/08\/Desinfektionsspender_20-60x60.jpg 60w, https:\/\/rwg-posfactory.com\/wp-content\/uploads\/2020\/08\/Desinfektionsspender_20-600x600.jpg 600w\" sizes=\"(max-width: 900px) 100vw, 900px\" \/>\t\t\t\t\t\t\t\t<\/a>\n\t\t\t\t\t\t\t\t\t\t\t\t\t\t\t<\/div>\n\t\t\t\t<\/div>\n\t\t\t\t<div class=\"elementor-element elementor-element-d7e52fd elementor-widget elementor-widget-text-editor\" data-id=\"d7e52fd\" data-element_type=\"widget\" data-widget_type=\"text-editor.default\">\n\t\t\t\t<div class=\"elementor-widget-container\">\n\t\t\t\t\t\t\t<h4 style=\"text-align: center;\"><a href=\"\/?product_cat=desinfektionsstaender\/\"><span style=\"color: #333333;\">Desinfektionsst\u00e4nder<\/span><\/a><\/h4>\t\t\t\t\t\t<\/div>\n\t\t\t\t<\/div>\n\t\t\t\t\t<\/div>\n\t\t<\/div>\n\t\t\t\t\t\t\t<\/div>\n\t\t<\/section>\n\t\t\t\t<section class=\"elementor-section elementor-top-section elementor-element elementor-element-334b5e5 elementor-section-boxed elementor-section-height-default elementor-section-height-default\" data-id=\"334b5e5\" data-element_type=\"section\">\n\t\t\t\t\t\t<div class=\"elementor-container elementor-column-gap-default\">\n\t\t\t\t\t<div class=\"elementor-column elementor-col-50 elementor-top-column elementor-element elementor-element-7cf885e\" data-id=\"7cf885e\" data-element_type=\"column\">\n\t\t\t<div class=\"elementor-widget-wrap elementor-element-populated\">\n\t\t\t\t\t\t\t\t<div class=\"elementor-element elementor-element-87e6511 elementor-widget elementor-widget-image\" data-id=\"87e6511\" data-element_type=\"widget\" data-widget_type=\"image.default\">\n\t\t\t\t<div class=\"elementor-widget-container\">\n\t\t\t\t\t\t\t\t\t\t\t\t\t\t\t\t<a href=\"\/?product_cat=desinfektionsmittelspender-mit-armausloeser-fuer-die-wandmontage\/\">\n\t\t\t\t\t\t\t<img width=\"900\" height=\"900\" src=\"https:\/\/rwg-posfactory.com\/wp-content\/uploads\/2020\/08\/Desinfektionsmittelspender_fuer-die-Wandmontage-mit_05l_Flasche_001.jpg\" class=\"attachment-large size-large wp-image-298\" alt=\"Desinfektionsmittelspender_f\u00fcr-die-Wandmontage-mit_0,5l_Flasche\" loading=\"lazy\" srcset=\"https:\/\/rwg-posfactory.com\/wp-content\/uploads\/2020\/08\/Desinfektionsmittelspender_fuer-die-Wandmontage-mit_05l_Flasche_001.jpg 900w, https:\/\/rwg-posfactory.com\/wp-content\/uploads\/2020\/08\/Desinfektionsmittelspender_fuer-die-Wandmontage-mit_05l_Flasche_001-300x300.jpg 300w, https:\/\/rwg-posfactory.com\/wp-content\/uploads\/2020\/08\/Desinfektionsmittelspender_fuer-die-Wandmontage-mit_05l_Flasche_001-150x150.jpg 150w, https:\/\/rwg-posfactory.com\/wp-content\/uploads\/2020\/08\/Desinfektionsmittelspender_fuer-die-Wandmontage-mit_05l_Flasche_001-768x768.jpg 768w, https:\/\/rwg-posfactory.com\/wp-content\/uploads\/2020\/08\/Desinfektionsmittelspender_fuer-die-Wandmontage-mit_05l_Flasche_001-60x60.jpg 60w, https:\/\/rwg-posfactory.com\/wp-content\/uploads\/2020\/08\/Desinfektionsmittelspender_fuer-die-Wandmontage-mit_05l_Flasche_001-600x600.jpg 600w\" sizes=\"(max-width: 900px) 100vw, 900px\" \/>\t\t\t\t\t\t\t\t<\/a>\n\t\t\t\t\t\t\t\t\t\t\t\t\t\t\t<\/div>\n\t\t\t\t<\/div>\n\t\t\t\t<div class=\"elementor-element elementor-element-17fce95 elementor-widget elementor-widget-text-editor\" data-id=\"17fce95\" data-element_type=\"widget\" data-widget_type=\"text-editor.default\">\n\t\t\t\t<div class=\"elementor-widget-container\">\n\t\t\t\t\t\t\t<h4 style=\"text-align: center;\"><a href=\"\/?product_cat=desinfektionsmittelspender-mit-armausloeser-fuer-die-wandmontage\/\"><span style=\"color: #333333;\">Desinfektionsmittelspender mit Armausl\u00f6ser f\u00fcr die Wandmontage<\/span><\/a><\/h4>\t\t\t\t\t\t<\/div>\n\t\t\t\t<\/div>\n\t\t\t\t\t<\/div>\n\t\t<\/div>\n\t\t\t\t<div class=\"elementor-column elementor-col-50 elementor-top-column elementor-element elementor-element-233859c\" data-id=\"233859c\" data-element_type=\"column\">\n\t\t\t<div class=\"elementor-widget-wrap elementor-element-populated\">\n\t\t\t\t\t\t\t\t<div class=\"elementor-element elementor-element-a71b7a1 elementor-widget elementor-widget-image\" data-id=\"a71b7a1\" data-element_type=\"widget\" data-widget_type=\"image.default\">\n\t\t\t\t<div class=\"elementor-widget-container\">\n\t\t\t\t\t\t\t\t\t\t\t\t\t\t\t\t<a href=\"\/?product_cat=desinfektionsmittelspender-mit-armausloeser-als-tischvariante\/\">\n\t\t\t\t\t\t\t<img width=\"900\" height=\"900\" src=\"https:\/\/rwg-posfactory.com\/wp-content\/uploads\/2020\/08\/Desinfektionsmittelspender-Tischaufsteller06.jpg\" class=\"attachment-large size-large wp-image-183\" alt=\"Desinfektionsmittelspender-Tischaufsteller\" loading=\"lazy\" srcset=\"https:\/\/rwg-posfactory.com\/wp-content\/uploads\/2020\/08\/Desinfektionsmittelspender-Tischaufsteller06.jpg 900w, https:\/\/rwg-posfactory.com\/wp-content\/uploads\/2020\/08\/Desinfektionsmittelspender-Tischaufsteller06-300x300.jpg 300w, https:\/\/rwg-posfactory.com\/wp-content\/uploads\/2020\/08\/Desinfektionsmittelspender-Tischaufsteller06-150x150.jpg 150w, https:\/\/rwg-posfactory.com\/wp-content\/uploads\/2020\/08\/Desinfektionsmittelspender-Tischaufsteller06-768x768.jpg 768w, https:\/\/rwg-posfactory.com\/wp-content\/uploads\/2020\/08\/Desinfektionsmittelspender-Tischaufsteller06-60x60.jpg 60w, https:\/\/rwg-posfactory.com\/wp-content\/uploads\/2020\/08\/Desinfektionsmittelspender-Tischaufsteller06-600x600.jpg 600w\" sizes=\"(max-width: 900px) 100vw, 900px\" \/>\t\t\t\t\t\t\t\t<\/a>\n\t\t\t\t\t\t\t\t\t\t\t\t\t\t\t<\/div>\n\t\t\t\t<\/div>\n\t\t\t\t<div class=\"elementor-element elementor-element-1d5a66c elementor-widget elementor-widget-text-editor\" data-id=\"1d5a66c\" data-element_type=\"widget\" data-widget_type=\"text-editor.default\">\n\t\t\t\t<div class=\"elementor-widget-container\">\n\t\t\t\t\t\t\t<h4 style=\"text-align: center;\"><a href=\"\/?product_cat=desinfektionsmittelspender-mit-armausloeser-als-tischvariante\/\"><span style=\"color: #333333;\">Desinfektionsmittelspender mit Armausl\u00f6ser als Tischvariante<\/span><\/a><\/h4>\t\t\t\t\t\t<\/div>\n\t\t\t\t<\/div>\n\t\t\t\t\t<\/div>\n\t\t<\/div>\n\t\t\t\t\t\t\t<\/div>\n\t\t<\/section>\n\t\t\t\t<section class=\"elementor-section elementor-top-section elementor-element elementor-element-e914bab elementor-section-boxed elementor-section-height-default elementor-section-height-default\" data-id=\"e914bab\" data-element_type=\"section\">\n\t\t\t\t\t\t<div class=\"elementor-container elementor-column-gap-default\">\n\t\t\t\t\t<div class=\"elementor-column elementor-col-50 elementor-top-column elementor-element elementor-element-70d3df0\" data-id=\"70d3df0\" data-element_type=\"column\">\n\t\t\t<div class=\"elementor-widget-wrap\">\n\t\t\t\t\t\t\t\t\t<\/div>\n\t\t<\/div>\n\t\t\t\t<div class=\"elementor-column elementor-col-50 elementor-top-column elementor-element elementor-element-cfd4f9c\" data-id=\"cfd4f9c\" data-element_type=\"column\">\n\t\t\t<div class=\"elementor-widget-wrap\">\n\t\t\t\t\t\t\t\t\t<\/div>\n\t\t<\/div>\n\t\t\t\t\t\t\t<\/div>\n\t\t<\/section>\n\t\t\t\t\t\t\t<\/div>\n\t\t","protected":false},"excerpt":{"rendered":"<p>Hygiene Station Desinfektionsst\u00e4nder Desinfektionsmittelspender mit Armausl\u00f6ser f\u00fcr die Wandmontage Desinfektionsmittelspender mit Armausl\u00f6ser als Tischvariante<\/p>\n","protected":false},"author":1,"featured_media":0,"parent":0,"menu_order":0,"comment_status":"closed","ping_status":"closed","template":"","meta":[],"aioseo_notices":[],"_links":{"self":[{"href":"https:\/\/rwg-posfactory.com\/de_de\/wp-json\/wp\/v2\/pages\/284"}],"collection":[{"href":"https:\/\/rwg-posfactory.com\/de_de\/wp-json\/wp\/v2\/pages"}],"about":[{"href":"https:\/\/rwg-posfactory.com\/de_de\/wp-json\/wp\/v2\/types\/page"}],"author":[{"embeddable":true,"href":"https:\/\/rwg-posfactory.com\/de_de\/wp-json\/wp\/v2\/users\/1"}],"replies":[{"embeddable":true,"href":"https:\/\/rwg-posfactory.com\/de_de\/wp-json\/wp\/v2\/comments?post=284"}],"version-history":[{"count":17,"href":"https:\/\/rwg-posfactory.com\/de_de\/wp-json\/wp\/v2\/pages\/284\/revisions"}],"predecessor-version":[{"id":303,"href":"https:\/\/rwg-posfactory.com\/de_de\/wp-json\/wp\/v2\/pages\/284\/revisions\/303"}],"wp:attachment":[{"href":"https:\/\/rwg-posfactory.com\/de_de\/wp-json\/wp\/v2\/media?parent=284"}],"curies":[{"name":"wp","href":"https:\/\/api.w.org\/{rel}","templated":true}]}}