{"id":182,"date":"2020-08-22T19:17:47","date_gmt":"2020-08-22T19:17:47","guid":{"rendered":"https:\/\/rwgmetal.de\/?post_type=product&#038;p=182"},"modified":"2024-11-28T19:07:30","modified_gmt":"2024-11-28T19:07:30","slug":"universal-desinfektionsmittelspender-mit-armausloeser-als-tischvariante","status":"publish","type":"product","link":"https:\/\/rwg-posfactory.com\/de_de\/shop\/universal-desinfektionsmittelspender-mit-armausloeser-als-tischvariante\/","title":{"rendered":"Universal Desinfektionsmittelspender mit Armausl\u00f6ser als Tischvariante"},"content":{"rendered":"<ul>\n<li>Tischvariante<\/li>\n<li>solides Armausl\u00f6semechanismus<\/li>\n<li>ansprechendes Design<\/li>\n<li>hygienische, leicht zu reinigende Oberfl\u00e4chenstruktur<\/li>\n<li>Super Preis-Leistungs-Verh\u00e4ltnis<\/li>\n<li>Adapter f\u00fcr alle g\u00e4ngige Flaschen mit Pumpdosiersystemen<\/li>\n<li>UNIVERSAL Passend f\u00fcr unterschiedliche Flaschen mit Gewindedurchmesser 24mm, 28mm und 34mm bis zu einem Liter Volumen mit unterschiedlich einfachen Pumpdosiersystemen<\/li>\n<li>Flasche mit Pumpdosiersystem inklusive<\/li>\n<\/ul>\n<p><strong>\u00a0<\/strong><\/p>\n<h4>Technische Daten<\/h4>\n<table id=\"tabdatatech2\">\n<tbody>\n<tr>\n<td>Gesamth\u00f6he mit Hebel<\/td>\n<td>40 cm<\/td>\n<\/tr>\n<tr>\n<td>Gewicht:<\/td>\n<td>\u00a02 kg<\/td>\n<\/tr>\n<tr>\n<td><\/td>\n<td><\/td>\n<\/tr>\n<\/tbody>\n<\/table>\n<p>&nbsp;<\/p>\n<hr \/>\n<h3><a href=\"https:\/\/rwgmetal.com\/shop\/\"><img loading=\"lazy\" class=\"alignnone wp-image-394 size-full\" src=\"https:\/\/rwgmetal.com\/wp-content\/uploads\/2020\/07\/zur\u00fcck-1.gif\" alt=\"\" width=\"30\" height=\"31\" \/><\/a>\u00a0<a href=\"https:\/\/rwgmetal.com\/shop\/\">Zur\u00fcck zum Shop<\/a><\/h3>\n","protected":false},"excerpt":{"rendered":"<p><img loading=\"lazy\" class=\"size-full wp-image-171 alignnone\" src=\"https:\/\/rwgmetal.de\/wp-content\/uploads\/2020\/08\/weiss.jpg\" alt=\"weisse farbe\" width=\"50\" height=\"50\" \/><\/p>\n<h2>Farbe: Wei\u00df<\/h2>\n<p>Der elegante\u00a0<strong>Desinfektionsmittelspender von PROTEKTO<\/strong>\u00a0 findet \u00fcberall dort seinen Einsatz, wo eine Wandmontage oder Standversion nicht m\u00f6glich oder sinnvoll ist, zum Beispiel in der ambulanten Krankenpflege, in Laboren oder Arztpraxen, auf Werktischen, auf Partytischen auf Theken oder auf anderen mobilen Arbeitspl\u00e4tzen.<\/p>\n<p>Der Desinfektionsmittelspender wird im Eingangsbereichen und stark frequentierten Zonen angebracht.<\/p>\n<p>Der Desinfektionsmittelspender von PROTEKTO ist UNIVERSAL, weil unterschiedliche Flaschen bis zu einem Liter Volumen mit unterschiedlichen einfachen Pumpdosiersystemen angebracht werden k\u00f6nnen.<\/p>\n<p>&nbsp;<\/p>\n<h4><span style=\"color: #ff0000;\">WENN SIE GR\u00d6\u00dfERE MENGEN BEN\u00d6TIGEN, DANN FRAGEN SIE UNS NACH DEN MENGENRABATTEN!!!<\/span><\/h4>\n","protected":false},"featured_media":183,"comment_status":"open","ping_status":"closed","template":"","meta":[],"product_cat":[41],"product_tag":[25,26,42],"aioseo_notices":[],"_links":{"self":[{"href":"https:\/\/rwg-posfactory.com\/de_de\/wp-json\/wp\/v2\/product\/182"}],"collection":[{"href":"https:\/\/rwg-posfactory.com\/de_de\/wp-json\/wp\/v2\/product"}],"about":[{"href":"https:\/\/rwg-posfactory.com\/de_de\/wp-json\/wp\/v2\/types\/product"}],"replies":[{"embeddable":true,"href":"https:\/\/rwg-posfactory.com\/de_de\/wp-json\/wp\/v2\/comments?post=182"}],"version-history":[{"count":1,"href":"https:\/\/rwg-posfactory.com\/de_de\/wp-json\/wp\/v2\/product\/182\/revisions"}],"predecessor-version":[{"id":187,"href":"https:\/\/rwg-posfactory.com\/de_de\/wp-json\/wp\/v2\/product\/182\/revisions\/187"}],"wp:featuredmedia":[{"embeddable":true,"href":"https:\/\/rwg-posfactory.com\/de_de\/wp-json\/wp\/v2\/media\/183"}],"wp:attachment":[{"href":"https:\/\/rwg-posfactory.com\/de_de\/wp-json\/wp\/v2\/media?parent=182"}],"wp:term":[{"taxonomy":"product_cat","embeddable":true,"href":"https:\/\/rwg-posfactory.com\/de_de\/wp-json\/wp\/v2\/product_cat?post=182"},{"taxonomy":"product_tag","embeddable":true,"href":"https:\/\/rwg-posfactory.com\/de_de\/wp-json\/wp\/v2\/product_tag?post=182"}],"curies":[{"name":"wp","href":"https:\/\/api.w.org\/{rel}","templated":true}]}}